{"id":791,"date":"2024-12-13T14:50:49","date_gmt":"2024-12-13T06:50:49","guid":{"rendered":"http:\/\/jiuqi.deepvaluer.cn\/?post_type=product&#038;p=791"},"modified":"2025-09-16T16:55:48","modified_gmt":"2025-09-16T08:55:48","slug":"printing-machine","status":"publish","type":"product","link":"https:\/\/www.lightermakingmachine.com\/tr_tr\/product\/printing-machine\/","title":{"rendered":"Bask\u0131 makinesi"},"content":{"rendered":"<p>Daha hafif cihaz s\u0131rayla girer ve yazd\u0131r\u0131lmas\u0131 gereken yaz\u0131 tipi, her iki tarafta ve \u00e7e\u015fitli renklerde bas\u0131labilen \u00e7akma\u011f\u0131n \u00fczerine yazd\u0131r\u0131l\u0131r. Birer birer, bir seferde \u00e7oklu, y\u00fcksek verimlilik, sadelik ve \u00f6zelliklerin y\u00f6nleri ile.<\/p>\n<table width=\"249\">\n<tbody>\n<tr>\n<td width=\"145\">model<\/td>\n<td width=\"104\">JQ-YZ-01<\/td>\n<\/tr>\n<tr>\n<td>Gerilim<\/td>\n<td>AC220V<\/td>\n<\/tr>\n<tr>\n<td>s\u0131kl\u0131k<\/td>\n<td>50HZ<\/td>\n<\/tr>\n<tr>\n<td>g\u00fc\u00e7<\/td>\n<td>0.3KW<\/td>\n<\/tr>\n<tr>\n<td>bas\u0131n\u00e7<\/td>\n<td>0.6MP<\/td>\n<\/tr>\n<tr>\n<td>boyut<\/td>\n<td>1.04m\u00b3<\/td>\n<\/tr>\n<tr>\n<td>a\u011f\u0131rl\u0131k<\/td>\n<td>200KG<\/td>\n<\/tr>\n<tr>\n<td>\u00e7\u0131kt\u0131<\/td>\n<td>12000PCS\/HOUR<\/td>\n<\/tr>\n<\/tbody>\n<\/table>","protected":false},"excerpt":{"rendered":"<p>\u00c7akmak, cihaza s\u0131rayla girer ve yazd\u0131r\u0131lmas\u0131 gereken yaz\u0131 tipi, her iki tarafta ve \u00e7e\u015fitli renklerde bas\u0131labilen \u00e7akma\u011f\u0131n \u00fczerine yazd\u0131r\u0131l\u0131r. Birer birer, bir seferde \u00e7oklu, y\u00fcksek verimlilik, sadelik ve \u00f6zelliklerin y\u00f6nleri ile. Model JQ-YZ-01 Voltaj AC220V Frekans 50Hz [\u2026]<\/p>","protected":false},"featured_media":792,"template":"","meta":[],"product_cat":[24],"product_tag":[],"class_list":{"0":"post-791","1":"product","2":"type-product","3":"status-publish","4":"has-post-thumbnail","6":"product_cat-automatic-machine","8":"first","9":"instock","10":"shipping-taxable","11":"product-type-simple"},"_links":{"self":[{"href":"https:\/\/www.lightermakingmachine.com\/tr_tr\/wp-json\/wp\/v2\/product\/791","targetHints":{"allow":["GET"]}}],"collection":[{"href":"https:\/\/www.lightermakingmachine.com\/tr_tr\/wp-json\/wp\/v2\/product"}],"about":[{"href":"https:\/\/www.lightermakingmachine.com\/tr_tr\/wp-json\/wp\/v2\/types\/product"}],"version-history":[{"count":1,"href":"https:\/\/www.lightermakingmachine.com\/tr_tr\/wp-json\/wp\/v2\/product\/791\/revisions"}],"predecessor-version":[{"id":1305,"href":"https:\/\/www.lightermakingmachine.com\/tr_tr\/wp-json\/wp\/v2\/product\/791\/revisions\/1305"}],"wp:featuredmedia":[{"embeddable":true,"href":"https:\/\/www.lightermakingmachine.com\/tr_tr\/wp-json\/wp\/v2\/media\/792"}],"wp:attachment":[{"href":"https:\/\/www.lightermakingmachine.com\/tr_tr\/wp-json\/wp\/v2\/media?parent=791"}],"wp:term":[{"taxonomy":"product_cat","embeddable":true,"href":"https:\/\/www.lightermakingmachine.com\/tr_tr\/wp-json\/wp\/v2\/product_cat?post=791"},{"taxonomy":"product_tag","embeddable":true,"href":"https:\/\/www.lightermakingmachine.com\/tr_tr\/wp-json\/wp\/v2\/product_tag?post=791"}],"curies":[{"name":"wp","href":"https:\/\/api.w.org\/{rel}","templated":true}]}}