{"id":316,"date":"2024-12-09T16:55:06","date_gmt":"2024-12-09T08:55:06","guid":{"rendered":"http:\/\/jiuqi.deepvaluer.cn\/?post_type=product&#038;p=316"},"modified":"2025-09-16T17:08:07","modified_gmt":"2025-09-16T09:08:07","slug":"fully-automatic-welding-machine","status":"publish","type":"product","link":"https:\/\/www.lightermakingmachine.com\/vi\/product\/fully-automatic-welding-machine\/","title":{"rendered":"M\u00e1y h\u00e0n ho\u00e0n to\u00e0n t\u1ef1 \u0111\u1ed9ng"},"content":{"rendered":"<p>Ch\u1ee9c n\u0103ng:<\/p>\n<p>C\u01a1 th\u1ec3 nh\u1eb9 h\u01a1n n\u00ean \u0111\u01b0\u1ee3c h\u00e0n b\u1eb1ng n\u1eafp \u0111\u00e1y b\u00ean trong v\u00e0 c\u00e1c ph\u1ee5 ki\u1ec7n kh\u00e1c th\u00f4ng qua s\u00f3ng si\u00eau \u00e2m \u0111\u1ec3 \u0111\u1ea1t \u0111\u01b0\u1ee3c hi\u1ec7u qu\u1ea3 c\u1ee7a kh\u00ed ni\u00eam phong.<\/p>","protected":false},"excerpt":{"rendered":"<p>H\u00e0n ho\u00e0n to\u00e0n t\u1ef1 \u0111\u1ed9ng<\/p>","protected":false},"featured_media":317,"template":"","meta":[],"product_cat":[24],"product_tag":[],"class_list":{"0":"post-316","1":"product","2":"type-product","3":"status-publish","4":"has-post-thumbnail","6":"product_cat-automatic-machine","8":"first","9":"instock","10":"shipping-taxable","11":"product-type-simple"},"_links":{"self":[{"href":"https:\/\/www.lightermakingmachine.com\/vi\/wp-json\/wp\/v2\/product\/316","targetHints":{"allow":["GET"]}}],"collection":[{"href":"https:\/\/www.lightermakingmachine.com\/vi\/wp-json\/wp\/v2\/product"}],"about":[{"href":"https:\/\/www.lightermakingmachine.com\/vi\/wp-json\/wp\/v2\/types\/product"}],"version-history":[{"count":2,"href":"https:\/\/www.lightermakingmachine.com\/vi\/wp-json\/wp\/v2\/product\/316\/revisions"}],"predecessor-version":[{"id":1319,"href":"https:\/\/www.lightermakingmachine.com\/vi\/wp-json\/wp\/v2\/product\/316\/revisions\/1319"}],"wp:featuredmedia":[{"embeddable":true,"href":"https:\/\/www.lightermakingmachine.com\/vi\/wp-json\/wp\/v2\/media\/317"}],"wp:attachment":[{"href":"https:\/\/www.lightermakingmachine.com\/vi\/wp-json\/wp\/v2\/media?parent=316"}],"wp:term":[{"taxonomy":"product_cat","embeddable":true,"href":"https:\/\/www.lightermakingmachine.com\/vi\/wp-json\/wp\/v2\/product_cat?post=316"},{"taxonomy":"product_tag","embeddable":true,"href":"https:\/\/www.lightermakingmachine.com\/vi\/wp-json\/wp\/v2\/product_tag?post=316"}],"curies":[{"name":"wp","href":"https:\/\/api.w.org\/{rel}","templated":true}]}}