{"id":331,"date":"2024-12-10T09:23:36","date_gmt":"2024-12-10T01:23:36","guid":{"rendered":"http:\/\/jiuqi.deepvaluer.cn\/?post_type=product&#038;p=331"},"modified":"2026-04-29T15:30:57","modified_gmt":"2026-04-29T07:30:57","slug":"packing-machine","status":"publish","type":"product","link":"https:\/\/www.lightermakingmachine.com\/vi\/product\/packing-machine\/","title":{"rendered":"M\u00e1y \u0111\u00f3ng g\u00f3i"},"content":{"rendered":"<p>1. S\u1eed d\u1ee5ng s\u1ea3n ph\u1ea9m<br \/>\nM\u00e1y \u0111\u00f3ng g\u00f3i s\u1ebd ho\u00e0n th\u00e0nh bao b\u00ec s\u1ea3n ph\u1ea9m nh\u1eb9 h\u01a1n \u0111\u00f3ng vai tr\u00f2 \u0111\u1eb9p \u0111\u1ebd, \u0111\u1eb9p \u0111\u1ebd.<br \/>\n2. Th\u00f4ng s\u1ed1 thi\u1ebft b\u1ecb<\/p>\n<table style=\"height: 232px;\" width=\"190\">\n<tbody>\n<tr>\n<td width=\"68\">ng\u01b0\u1eddi m\u1eabu<\/td>\n<td width=\"119\">JQ-BZ-01<\/td>\n<\/tr>\n<tr>\n<td>\u0111i\u1ec7n \u00e1p<\/td>\n<td>AC220V<\/td>\n<\/tr>\n<tr>\n<td>T\u00ednh th\u01b0\u1eddng xuy\u00ean<\/td>\n<td>50HZ<\/td>\n<\/tr>\n<tr>\n<td>quy\u1ec1n l\u1ef1c<\/td>\n<td>1.8KW<\/td>\n<\/tr>\n<tr>\n<td>\u00e1p l\u1ef1c<\/td>\n<td>0.5MP<\/td>\n<\/tr>\n<tr>\n<td>k\u00edch c\u1ee1<\/td>\n<td>4.2m<sup>3<\/sup><\/td>\n<\/tr>\n<tr>\n<td>c\u00e2n n\u1eb7ng<\/td>\n<td>480KG<\/td>\n<\/tr>\n<tr>\n<td>\u0111\u1ea7u ra<\/td>\n<td>18000PCS\/HOUR<\/td>\n<\/tr>\n<\/tbody>\n<\/table>","protected":false},"excerpt":{"rendered":"<p>1. M\u00e1y \u0111\u00f3ng g\u00f3i s\u1eed d\u1ee5ng s\u1ea3n ph\u1ea9m s\u1ebd ho\u00e0n th\u00e0nh bao b\u00ec s\u1ea3n ph\u1ea9m nh\u1eb9 \uff0c \u0111\u00f3ng vai tr\u00f2 \u0111\u1eb9p \u0111\u1ebd, \u0111\u1eb9p \u0111\u1ebd. 2. Th\u00f4ng s\u1ed1 thi\u1ebft b\u1ecb M\u00f4 h\u00ecnh JQ-BZ-01 \u0110i\u1ec7n \u00e1p AC220V T\u1ea7n s\u1ed1 50Hz C\u00f4ng su\u1ea5t 1,8kW \u00c1p su\u1ea5t 0,5MP K\u00edch th\u01b0\u1edbc 4.2M3 Tr\u1ecdng l\u01b0\u1ee3ng 480kg \u0110\u1ea7u ra 18000PCS\/gi\u1edd<\/p>","protected":false},"featured_media":333,"template":"","meta":[],"product_cat":[24],"product_tag":[],"class_list":{"0":"post-331","1":"product","2":"type-product","3":"status-publish","4":"has-post-thumbnail","6":"product_cat-automatic-machine","8":"first","9":"instock","10":"shipping-taxable","11":"product-type-simple"},"_links":{"self":[{"href":"https:\/\/www.lightermakingmachine.com\/vi\/wp-json\/wp\/v2\/product\/331","targetHints":{"allow":["GET"]}}],"collection":[{"href":"https:\/\/www.lightermakingmachine.com\/vi\/wp-json\/wp\/v2\/product"}],"about":[{"href":"https:\/\/www.lightermakingmachine.com\/vi\/wp-json\/wp\/v2\/types\/product"}],"version-history":[{"count":1,"href":"https:\/\/www.lightermakingmachine.com\/vi\/wp-json\/wp\/v2\/product\/331\/revisions"}],"predecessor-version":[{"id":1316,"href":"https:\/\/www.lightermakingmachine.com\/vi\/wp-json\/wp\/v2\/product\/331\/revisions\/1316"}],"wp:featuredmedia":[{"embeddable":true,"href":"https:\/\/www.lightermakingmachine.com\/vi\/wp-json\/wp\/v2\/media\/333"}],"wp:attachment":[{"href":"https:\/\/www.lightermakingmachine.com\/vi\/wp-json\/wp\/v2\/media?parent=331"}],"wp:term":[{"taxonomy":"product_cat","embeddable":true,"href":"https:\/\/www.lightermakingmachine.com\/vi\/wp-json\/wp\/v2\/product_cat?post=331"},{"taxonomy":"product_tag","embeddable":true,"href":"https:\/\/www.lightermakingmachine.com\/vi\/wp-json\/wp\/v2\/product_tag?post=331"}],"curies":[{"name":"wp","href":"https:\/\/api.w.org\/{rel}","templated":true}]}}