{"id":445,"date":"2024-12-11T13:53:49","date_gmt":"2024-12-11T05:53:49","guid":{"rendered":"http:\/\/jiuqi.deepvaluer.cn\/?post_type=product&#038;p=445"},"modified":"2025-09-16T17:01:41","modified_gmt":"2025-09-16T09:01:41","slug":"high-quality-lighter-assembly-press-automatic-cigarette-lighter-making","status":"publish","type":"product","link":"https:\/\/www.lightermakingmachine.com\/vi\/product\/high-quality-lighter-assembly-press-automatic-cigarette-lighter-making\/","title":{"rendered":"m\u00e1y l\u00e0m nh\u1eb9 t\u1ef1 \u0111\u1ed9ng l\u1eafp r\u00e1p l\u1eafp r\u00e1p nh\u1eb9 h\u01a1n"},"content":{"rendered":"<p>b\u01b0\u1edbc nh\u1eb9 l\u1eafp r\u00e1p nh\u1eb9 h\u01a1n<\/p>\n<table style=\"height: 581px;\" width=\"402\">\n<tbody>\n<tr>\n<td width=\"210\" height=\"10\">n\u01a1i xu\u1ea5t x\u1ee9<\/td>\n<td width=\"210\">chi\u1ebft giang, trung qu\u1ed1c<\/td>\n<\/tr>\n<tr>\n<td>t\u00ecnh tr\u1ea1ng<\/td>\n<td>m\u1edbi<\/td>\n<\/tr>\n<tr>\n<td>video h\u01b0\u1edbng d\u1eabn \u0111i<\/td>\n<td>kh\u00f4ng c\u00f3 s\u1eb5n<\/td>\n<\/tr>\n<tr>\n<td>b\u00e1o c\u00e1o ki\u1ec3m tra m\u00e1y m\u00f3c<\/td>\n<td>kh\u00f4ng c\u00f3 s\u1eb5n<\/td>\n<\/tr>\n<tr>\n<td>lo\u1ea1i ti\u1ebfp th\u1ecb<\/td>\n<td>s\u1ea3n ph\u1ea9m m\u1edbi 2020<\/td>\n<\/tr>\n<tr>\n<td>b\u1ea3o h\u00e0nh c\u00e1c th\u00e0nh ph\u1ea7n c\u1ed1t l\u00f5i<\/td>\n<td>1 n\u0103m<\/td>\n<\/tr>\n<tr>\n<td>c\u00e1c th\u00e0nh ph\u1ea7n c\u1ed1t l\u00f5i<\/td>\n<td>plc<\/td>\n<\/tr>\n<tr>\n<td>b\u1ea3o h\u00e0nh<\/td>\n<td>kh\u00f4ng c\u00f3 s\u1eb5n<\/td>\n<\/tr>\n<tr>\n<td>\u0111i\u1ec3m b\u00e1n h\u00e0ng ch\u00ednh<\/td>\n<td>b\u00e1n t\u1ef1 \u0111\u1ed9ng<\/td>\n<\/tr>\n<tr>\n<td>tr\u1ecdng l\u01b0\u1ee3ng (kg)<\/td>\n<td>95<\/td>\n<\/tr>\n<tr>\n<td>c\u00e1c ng\u00e0nh c\u00f4ng nghi\u1ec7p \u00e1p d\u1ee5ng<\/td>\n<td>nh\u00e0 m\u00e1y s\u1ea3n xu\u1ea5t<\/td>\n<\/tr>\n<tr>\n<td>v\u1ecb tr\u00ed ph\u00f2ng tr\u01b0ng b\u00e0y<\/td>\n<td>ai c\u1eadp, th\u1ed5 nh\u0129 k\u1ef3, vi\u1ec7t nam, brazil, \u1ea5n \u0111\u1ed9, morocco<\/td>\n<\/tr>\n<tr>\n<td>t\u00ean th\u01b0\u01a1ng hi\u1ec7u<\/td>\n<td>jiuqi<\/td>\n<\/tr>\n<tr>\n<td>dung t\u00edch<\/td>\n<td>10000pcs\/h<\/td>\n<\/tr>\n<tr>\n<td>\u00e1p su\u1ea5t ngu\u1ed3n kh\u00f4ng kh\u00ed<\/td>\n<td>0,6mpa<\/td>\n<\/tr>\n<tr>\n<td>ch\u1ee9c n\u0103ng<\/td>\n<td>m\u00e1y h\u00e0n b\u00e1n t\u1ef1 \u0111\u1ed9ng<\/td>\n<\/tr>\n<\/tbody>\n<\/table>","protected":false},"excerpt":{"rendered":"<p>l\u1eafp r\u00e1p nh\u1eb9 ch\u1ea5t l\u01b0\u1ee3ng s\u00e1ng h\u01a1n b\u00e1o ch\u00ed t\u1ef1 \u0111\u1ed9ng ligher of of of forrite<\/p>","protected":false},"featured_media":767,"template":"","meta":[],"product_cat":[24],"product_tag":[],"class_list":{"0":"post-445","1":"product","2":"type-product","3":"status-publish","4":"has-post-thumbnail","6":"product_cat-automatic-machine","8":"first","9":"instock","10":"shipping-taxable","11":"product-type-simple"},"_links":{"self":[{"href":"https:\/\/www.lightermakingmachine.com\/vi\/wp-json\/wp\/v2\/product\/445","targetHints":{"allow":["GET"]}}],"collection":[{"href":"https:\/\/www.lightermakingmachine.com\/vi\/wp-json\/wp\/v2\/product"}],"about":[{"href":"https:\/\/www.lightermakingmachine.com\/vi\/wp-json\/wp\/v2\/types\/product"}],"version-history":[{"count":1,"href":"https:\/\/www.lightermakingmachine.com\/vi\/wp-json\/wp\/v2\/product\/445\/revisions"}],"predecessor-version":[{"id":1311,"href":"https:\/\/www.lightermakingmachine.com\/vi\/wp-json\/wp\/v2\/product\/445\/revisions\/1311"}],"wp:featuredmedia":[{"embeddable":true,"href":"https:\/\/www.lightermakingmachine.com\/vi\/wp-json\/wp\/v2\/media\/767"}],"wp:attachment":[{"href":"https:\/\/www.lightermakingmachine.com\/vi\/wp-json\/wp\/v2\/media?parent=445"}],"wp:term":[{"taxonomy":"product_cat","embeddable":true,"href":"https:\/\/www.lightermakingmachine.com\/vi\/wp-json\/wp\/v2\/product_cat?post=445"},{"taxonomy":"product_tag","embeddable":true,"href":"https:\/\/www.lightermakingmachine.com\/vi\/wp-json\/wp\/v2\/product_tag?post=445"}],"curies":[{"name":"wp","href":"https:\/\/api.w.org\/{rel}","templated":true}]}}