{"id":776,"date":"2024-12-13T13:46:49","date_gmt":"2024-12-13T05:46:49","guid":{"rendered":"http:\/\/jiuqi.deepvaluer.cn\/?post_type=product&#038;p=776"},"modified":"2025-09-16T16:59:15","modified_gmt":"2025-09-16T08:59:15","slug":"jq-gz-3vcp-three-in-onesemi-automatic-aerosol-filling-machine","status":"publish","type":"product","link":"https:\/\/www.lightermakingmachine.com\/vi\/product\/jq-gz-3vcp-three-in-onesemi-automatic-aerosol-filling-machine\/","title":{"rendered":"JQ-GZ-3VCP (ba trong m\u1ed9t) m\u00e1y Aerosol b\u00e1n t\u1ef1 \u0111\u1ed9ng"},"content":{"rendered":"<p>M\u00e1y ch\u00e2n kh\u00f4ng b\u00e1n t\u1ef1 \u0111\u1ed9ng, m\u00e1y quay b\u00ecnh kh\u00ed h\u00f3a b\u00e1n t\u1ef1 \u0111\u1ed9ng v\u00e0 m\u00e1y l\u00e0m \u0111\u1ea7y kh\u00ed b\u00e1n t\u1ef1 \u0111\u1ed9ng \u0111\u01b0\u1ee3c l\u1eafp \u0111\u1eb7t tr\u00ean m\u1ed9t n\u1ec1n t\u1ea3ng l\u00e0m vi\u1ec7c. Ch\u1ec9 c\u00f3 m\u1ed9t ng\u01b0\u1eddi v\u1eadn h\u00e0nh van ch\u00e2n v\u00e0 c\u00f3 th\u1ec3 ho\u00e0n th\u00e0nh t\u1ea5t c\u1ea3 c\u00e1c h\u00e0nh \u0111\u1ed9ng c\u00f9ng m\u1ed9t l\u00fac. T\u1ed1c \u0111\u1ed9 nhanh, \u0111\u1ed9 ch\u00ednh x\u00e1c cao, \u1ed5n \u0111\u1ecbnh t\u1ed1t, ti\u1ebft ki\u1ec7m th\u1eddi gian v\u00e0 c\u00f4ng s\u1ee9c, l\u00e0 l\u1ef1a ch\u1ecdn l\u00fd t\u01b0\u1edfng cho c\u00e1c nh\u00e0 s\u1ea3n xu\u1ea5t kh\u00ed dung v\u1eeba v\u00e0 nh\u1ecf. M\u00e1y ch\u1ee7 y\u1ebfu \u0111\u01b0\u1ee3c s\u1eed d\u1ee5ng cho kh\u00ed t\u00edch h\u1ee3p c\u00f3 th\u1ec3 l\u00e0m \u0111\u1ea7y.<\/p>\n<table width=\"213\">\n<tbody>\n<tr>\n<td width=\"145\">ng\u01b0\u1eddi m\u1eabu<\/td>\n<td width=\"68\">JQ-GZ-3VCP<\/td>\n<\/tr>\n<tr>\n<td>dung t\u00edch<\/td>\n<td>500ML<\/td>\n<\/tr>\n<tr>\n<td>Van \u00e1p d\u1ee5ng<\/td>\n<td>50HZ<\/td>\n<\/tr>\n<tr>\n<td>chi\u1ec1u cao \u00e1p d\u1ee5ng<\/td>\n<td>80-400MM<\/td>\n<\/tr>\n<tr>\n<td>\u00e1p l\u1ef1c<\/td>\n<td>0.4-0.65MP<\/td>\n<\/tr>\n<tr>\n<td>Ti\u00eau th\u1ee5 kh\u00ed<\/td>\n<td>\u22641.2m\u00b3<\/td>\n<\/tr>\n<tr>\n<td>\u0110\u01b0\u1eddng k\u00ednh<\/td>\n<td>45-65MM<\/td>\n<\/tr>\n<tr>\n<td>\u0111\u1ea7u ra<\/td>\n<td>800PCS\/HOUR<\/td>\n<\/tr>\n<\/tbody>\n<\/table>","protected":false},"excerpt":{"rendered":"<p>Semi-automatic vacuum machine,semi-automatic aerosol valve crimper and semi-automatic gas filling machine are installed on a working platform. Only one person operates the foot valve and can complete all actions at one time. Fast speed, high precision, good stability, saving time and effort, is the ideal choice for small and medium-sized aerosol manufacturers. The machine is [\u2026]<\/p>","protected":false},"featured_media":777,"template":"","meta":[],"product_cat":[25],"product_tag":[],"class_list":{"0":"post-776","1":"product","2":"type-product","3":"status-publish","4":"has-post-thumbnail","6":"product_cat-semi-automatic-machine","8":"first","9":"instock","10":"shipping-taxable","11":"product-type-simple"},"_links":{"self":[{"href":"https:\/\/www.lightermakingmachine.com\/vi\/wp-json\/wp\/v2\/product\/776","targetHints":{"allow":["GET"]}}],"collection":[{"href":"https:\/\/www.lightermakingmachine.com\/vi\/wp-json\/wp\/v2\/product"}],"about":[{"href":"https:\/\/www.lightermakingmachine.com\/vi\/wp-json\/wp\/v2\/types\/product"}],"version-history":[{"count":1,"href":"https:\/\/www.lightermakingmachine.com\/vi\/wp-json\/wp\/v2\/product\/776\/revisions"}],"predecessor-version":[{"id":1309,"href":"https:\/\/www.lightermakingmachine.com\/vi\/wp-json\/wp\/v2\/product\/776\/revisions\/1309"}],"wp:featuredmedia":[{"embeddable":true,"href":"https:\/\/www.lightermakingmachine.com\/vi\/wp-json\/wp\/v2\/media\/777"}],"wp:attachment":[{"href":"https:\/\/www.lightermakingmachine.com\/vi\/wp-json\/wp\/v2\/media?parent=776"}],"wp:term":[{"taxonomy":"product_cat","embeddable":true,"href":"https:\/\/www.lightermakingmachine.com\/vi\/wp-json\/wp\/v2\/product_cat?post=776"},{"taxonomy":"product_tag","embeddable":true,"href":"https:\/\/www.lightermakingmachine.com\/vi\/wp-json\/wp\/v2\/product_tag?post=776"}],"curies":[{"name":"wp","href":"https:\/\/api.w.org\/{rel}","templated":true}]}}