{"id":778,"date":"2024-12-13T14:00:50","date_gmt":"2024-12-13T06:00:50","guid":{"rendered":"http:\/\/jiuqi.deepvaluer.cn\/?post_type=product&#038;p=778"},"modified":"2025-09-16T16:58:46","modified_gmt":"2025-09-16T08:58:46","slug":"label-machine-paper-wrapping-machine","status":"publish","type":"product","link":"https:\/\/www.lightermakingmachine.com\/vi\/product\/label-machine-paper-wrapping-machine\/","title":{"rendered":"M\u00e1y g\u00f3i nh\u00e3n\/m\u00e1y g\u00f3i gi\u1ea5y"},"content":{"rendered":"<p>After finishing the final inspection of the lighter products, the appearance of the lighter should be processed, the most common one is the labeling and the whole lighter paper.<\/p>\n<table width=\"346\">\n<tbody>\n<tr>\n<td width=\"145\">ng\u01b0\u1eddi m\u1eabu<\/td>\n<td width=\"104\">JQ-TB<\/td>\n<td width=\"97\">JQ-BZ<\/td>\n<\/tr>\n<tr>\n<td>\u0111i\u1ec7n \u00e1p<\/td>\n<td>AC220V<\/td>\n<td>AC220V<\/td>\n<\/tr>\n<tr>\n<td>T\u00ednh th\u01b0\u1eddng xuy\u00ean<\/td>\n<td>50HZ<\/td>\n<td>50HZ<\/td>\n<\/tr>\n<tr>\n<td>quy\u1ec1n l\u1ef1c<\/td>\n<td>4.8KW<\/td>\n<td>5.6KW<\/td>\n<\/tr>\n<tr>\n<td>\u00e1p l\u1ef1c<\/td>\n<td>0.6MP<\/td>\n<td>0.6MP<\/td>\n<\/tr>\n<tr>\n<td>k\u00edch c\u1ee1<\/td>\n<td>1.5m\u00b3<\/td>\n<td>1m\u00b3<\/td>\n<\/tr>\n<tr>\n<td>c\u00e2n n\u1eb7ng<\/td>\n<td>167KG<\/td>\n<td>206KG<\/td>\n<\/tr>\n<tr>\n<td>\u0111\u1ea7u ra<\/td>\n<td>12000PCS\/HOUR<\/td>\n<td>8000PCS\/HOUR<\/td>\n<\/tr>\n<\/tbody>\n<\/table>","protected":false},"excerpt":{"rendered":"<p>After finishing the final inspection of the lighter products, the appearance of the lighter should be processed, the most common one is the labeling and the whole lighter paper. model JQ-TB JQ-BZ voltage AC220V AC220V frequency 50HZ 50HZ power 4.8KW 5.6KW pressure 0.6MP 0.6MP size 1.5m\u00b3 1m\u00b3 weight 167KG 206KG output 12000PCS\/HOUR 8000PCS\/HOUR<\/p>","protected":false},"featured_media":779,"template":"","meta":[],"product_cat":[24],"product_tag":[],"class_list":{"0":"post-778","1":"product","2":"type-product","3":"status-publish","4":"has-post-thumbnail","6":"product_cat-automatic-machine","8":"first","9":"instock","10":"shipping-taxable","11":"product-type-simple"},"_links":{"self":[{"href":"https:\/\/www.lightermakingmachine.com\/vi\/wp-json\/wp\/v2\/product\/778","targetHints":{"allow":["GET"]}}],"collection":[{"href":"https:\/\/www.lightermakingmachine.com\/vi\/wp-json\/wp\/v2\/product"}],"about":[{"href":"https:\/\/www.lightermakingmachine.com\/vi\/wp-json\/wp\/v2\/types\/product"}],"version-history":[{"count":1,"href":"https:\/\/www.lightermakingmachine.com\/vi\/wp-json\/wp\/v2\/product\/778\/revisions"}],"predecessor-version":[{"id":1308,"href":"https:\/\/www.lightermakingmachine.com\/vi\/wp-json\/wp\/v2\/product\/778\/revisions\/1308"}],"wp:featuredmedia":[{"embeddable":true,"href":"https:\/\/www.lightermakingmachine.com\/vi\/wp-json\/wp\/v2\/media\/779"}],"wp:attachment":[{"href":"https:\/\/www.lightermakingmachine.com\/vi\/wp-json\/wp\/v2\/media?parent=778"}],"wp:term":[{"taxonomy":"product_cat","embeddable":true,"href":"https:\/\/www.lightermakingmachine.com\/vi\/wp-json\/wp\/v2\/product_cat?post=778"},{"taxonomy":"product_tag","embeddable":true,"href":"https:\/\/www.lightermakingmachine.com\/vi\/wp-json\/wp\/v2\/product_tag?post=778"}],"curies":[{"name":"wp","href":"https:\/\/api.w.org\/{rel}","templated":true}]}}