{"id":785,"date":"2024-12-13T14:18:59","date_gmt":"2024-12-13T06:18:59","guid":{"rendered":"http:\/\/jiuqi.deepvaluer.cn\/?post_type=product&#038;p=785"},"modified":"2025-09-16T16:57:43","modified_gmt":"2025-09-16T08:57:43","slug":"appending-machine","status":"publish","type":"product","link":"https:\/\/www.lightermakingmachine.com\/vi\/product\/appending-machine\/","title":{"rendered":"th\u00eam m\u00e1y"},"content":{"rendered":"<p>b\u1ed9 n\u1ea1p l\u00e0 m\u1ed9t thi\u1ebft b\u1ecb t\u1ef1 \u0111\u1ed9ng ti\u00ean ti\u1ebfn c\u00f3 th\u1ec3 x\u00e1c \u0111\u1ecbnh ch\u00ednh x\u00e1c v\u1ecb tr\u00ed v\u00e0 h\u01b0\u1edbng c\u1ee7a b\u1eadt l\u1eeda th\u00f4ng qua h\u1ec7 th\u1ed1ng nh\u1eadn d\u1ea1ng tr\u1ef1c quan. n\u00f3 s\u1eed d\u1ee5ng c\u00e1c camera c\u00f3 \u0111\u1ed9 ph\u00e2n gi\u1ea3i cao v\u00e0 thu\u1eadt to\u00e1n x\u1eed l\u00fd h\u00ecnh \u1ea3nh \u0111\u1ec3 ch\u1ee5p v\u00e0 ph\u00e2n t\u00edch h\u00ecnh \u1ea3nh th\u1eddi gian th\u1ef1c c\u1ee7a b\u1eadt l\u1eeda v\u00e0 x\u00e1c \u0111\u1ecbnh v\u1ecb tr\u00ed v\u00e0 g\u00f3c c\u1ee7a ch\u00e8n. sau \u0111\u00f3, th\u00f4ng qua h\u1ec7 th\u1ed1ng c\u00e1nh tay robot ch\u00ednh x\u00e1c, b\u1eadt l\u1eeda \u0111\u01b0\u1ee3c \u0111\u1eb7t ch\u00ednh x\u00e1c tr\u00ean b\u0103ng chuy\u1ec1n \u0111\u1ec3 c\u1ea3i thi\u1ec7n hi\u1ec7u qu\u1ea3 s\u1ea3n xu\u1ea5t v\u00e0 ch\u1ea5t l\u01b0\u1ee3ng s\u1ea3n ph\u1ea9m.<\/p>\n<p>tham s\u1ed1 ch\u00ednh<br \/>\n1. t\u00ednh linh ho\u1ea1t: m\u00f4 h\u00ecnh c\u00f3 th\u1ec3 ho\u00e1n \u0111\u1ed5i cho nhau<br \/>\n2. s\u1ea3n xu\u1ea5t n\u0103ng l\u1ef1c: 8000-10000 \/ gi\u1edd<br \/>\n3. \u00e1p su\u1ea5t ngu\u1ed3n kh\u00f4ng kh\u00ed: \u00e1p su\u1ea5t ngu\u1ed3n kh\u00f4ng kh\u00ed 0,5-0,7mpa<br \/>\n4. \u0111i\u1ec7n \u00e1p: 220v<br \/>\n5. k\u00edch th\u01b0\u1edbc thi\u1ebft b\u1ecb: l2705mm*w1925mm*h1725mm<br \/>\n6. tr\u1ecdng l\u01b0\u1ee3ng: kho\u1ea3ng 200kg<\/p>","protected":false},"excerpt":{"rendered":"<p>b\u1ed9 n\u1ea1p l\u00e0 m\u1ed9t thi\u1ebft b\u1ecb t\u1ef1 \u0111\u1ed9ng ti\u00ean ti\u1ebfn c\u00f3 th\u1ec3 x\u00e1c \u0111\u1ecbnh ch\u00ednh x\u00e1c v\u1ecb tr\u00ed v\u00e0 h\u01b0\u1edbng c\u1ee7a b\u1eadt l\u1eeda th\u00f4ng qua h\u1ec7 th\u1ed1ng nh\u1eadn d\u1ea1ng tr\u1ef1c quan. n\u00f3 s\u1eed d\u1ee5ng c\u00e1c camera c\u00f3 \u0111\u1ed9 ph\u00e2n gi\u1ea3i cao v\u00e0 thu\u1eadt to\u00e1n x\u1eed l\u00fd h\u00ecnh \u1ea3nh \u0111\u1ec3 ch\u1ee5p v\u00e0 ph\u00e2n t\u00edch h\u00ecnh \u1ea3nh th\u1eddi gian th\u1ef1c c\u1ee7a b\u1eadt l\u1eeda v\u00e0 x\u00e1c \u0111\u1ecbnh v\u1ecb tr\u00ed v\u00e0 g\u00f3c c\u1ee7a ch\u00e8n. sau \u0111\u00f3, th\u00f4ng qua c\u00e1nh tay robot ch\u00ednh x\u00e1c [m\u1ea1nh]<\/p>","protected":false},"featured_media":786,"template":"","meta":[],"product_cat":[24],"product_tag":[],"class_list":{"0":"post-785","1":"product","2":"type-product","3":"status-publish","4":"has-post-thumbnail","6":"product_cat-automatic-machine","8":"first","9":"instock","10":"shipping-taxable","11":"product-type-simple"},"_links":{"self":[{"href":"https:\/\/www.lightermakingmachine.com\/vi\/wp-json\/wp\/v2\/product\/785","targetHints":{"allow":["GET"]}}],"collection":[{"href":"https:\/\/www.lightermakingmachine.com\/vi\/wp-json\/wp\/v2\/product"}],"about":[{"href":"https:\/\/www.lightermakingmachine.com\/vi\/wp-json\/wp\/v2\/types\/product"}],"version-history":[{"count":1,"href":"https:\/\/www.lightermakingmachine.com\/vi\/wp-json\/wp\/v2\/product\/785\/revisions"}],"predecessor-version":[{"id":1307,"href":"https:\/\/www.lightermakingmachine.com\/vi\/wp-json\/wp\/v2\/product\/785\/revisions\/1307"}],"wp:featuredmedia":[{"embeddable":true,"href":"https:\/\/www.lightermakingmachine.com\/vi\/wp-json\/wp\/v2\/media\/786"}],"wp:attachment":[{"href":"https:\/\/www.lightermakingmachine.com\/vi\/wp-json\/wp\/v2\/media?parent=785"}],"wp:term":[{"taxonomy":"product_cat","embeddable":true,"href":"https:\/\/www.lightermakingmachine.com\/vi\/wp-json\/wp\/v2\/product_cat?post=785"},{"taxonomy":"product_tag","embeddable":true,"href":"https:\/\/www.lightermakingmachine.com\/vi\/wp-json\/wp\/v2\/product_tag?post=785"}],"curies":[{"name":"wp","href":"https:\/\/api.w.org\/{rel}","templated":true}]}}