{"id":791,"date":"2024-12-13T14:50:49","date_gmt":"2024-12-13T06:50:49","guid":{"rendered":"http:\/\/jiuqi.deepvaluer.cn\/?post_type=product&#038;p=791"},"modified":"2025-09-16T16:55:48","modified_gmt":"2025-09-16T08:55:48","slug":"printing-machine","status":"publish","type":"product","link":"https:\/\/www.lightermakingmachine.com\/vi\/product\/printing-machine\/","title":{"rendered":"M\u00e1y in"},"content":{"rendered":"<p>L\u1ea7n l\u01b0\u1ee3t \u0111i v\u00e0o thi\u1ebft b\u1ecb, v\u00e0 ph\u00f4ng ch\u1eef c\u1ea7n \u0111\u01b0\u1ee3c in \u0111\u01b0\u1ee3c in tr\u00ean b\u1eadt l\u1eeda, c\u00f3 th\u1ec3 \u0111\u01b0\u1ee3c in \u1edf c\u1ea3 hai m\u1eb7t v\u00e0 trong nhi\u1ec1u m\u00e0u s\u1eafc kh\u00e1c nhau. M\u1ed9t l\u1ea7n, nhi\u1ec1u l\u1ea7n, v\u1edbi hi\u1ec7u qu\u1ea3 cao, \u0111\u01a1n gi\u1ea3n v\u00e0 c\u00e1c kh\u00eda c\u1ea1nh c\u1ee7a c\u00e1c \u0111\u1eb7c \u0111i\u1ec3m.<\/p>\n<table width=\"249\">\n<tbody>\n<tr>\n<td width=\"145\">ng\u01b0\u1eddi m\u1eabu<\/td>\n<td width=\"104\">JQ-YZ-01<\/td>\n<\/tr>\n<tr>\n<td>\u0111i\u1ec7n \u00e1p<\/td>\n<td>AC220V<\/td>\n<\/tr>\n<tr>\n<td>T\u00ednh th\u01b0\u1eddng xuy\u00ean<\/td>\n<td>50HZ<\/td>\n<\/tr>\n<tr>\n<td>quy\u1ec1n l\u1ef1c<\/td>\n<td>0.3KW<\/td>\n<\/tr>\n<tr>\n<td>\u00e1p l\u1ef1c<\/td>\n<td>0.6MP<\/td>\n<\/tr>\n<tr>\n<td>k\u00edch c\u1ee1<\/td>\n<td>1.04m\u00b3<\/td>\n<\/tr>\n<tr>\n<td>c\u00e2n n\u1eb7ng<\/td>\n<td>200KG<\/td>\n<\/tr>\n<tr>\n<td>\u0111\u1ea7u ra<\/td>\n<td>12000PCS\/HOUR<\/td>\n<\/tr>\n<\/tbody>\n<\/table>","protected":false},"excerpt":{"rendered":"<p>L\u1ea7n l\u01b0\u1ee3t \u0111i v\u00e0o thi\u1ebft b\u1ecb, v\u00e0 ph\u00f4ng ch\u1eef c\u1ea7n \u0111\u01b0\u1ee3c in \u0111\u01b0\u1ee3c in tr\u00ean b\u1eadt l\u1eeda, c\u00f3 th\u1ec3 \u0111\u01b0\u1ee3c in \u1edf c\u1ea3 hai m\u1eb7t v\u00e0 trong nhi\u1ec1u m\u00e0u s\u1eafc kh\u00e1c nhau. M\u1ed9t l\u1ea7n, nhi\u1ec1u l\u1ea7n, v\u1edbi hi\u1ec7u qu\u1ea3 cao, \u0111\u01a1n gi\u1ea3n v\u00e0 c\u00e1c kh\u00eda c\u1ea1nh c\u1ee7a c\u00e1c \u0111\u1eb7c \u0111i\u1ec3m. M\u00f4 h\u00ecnh JQ-YZ-01 \u0110i\u1ec7n \u00e1p T\u1ea7n s\u1ed1 AC220V 50Hz [M\u1ea1nh]<\/p>","protected":false},"featured_media":792,"template":"","meta":[],"product_cat":[24],"product_tag":[],"class_list":{"0":"post-791","1":"product","2":"type-product","3":"status-publish","4":"has-post-thumbnail","6":"product_cat-automatic-machine","8":"first","9":"instock","10":"shipping-taxable","11":"product-type-simple"},"_links":{"self":[{"href":"https:\/\/www.lightermakingmachine.com\/vi\/wp-json\/wp\/v2\/product\/791","targetHints":{"allow":["GET"]}}],"collection":[{"href":"https:\/\/www.lightermakingmachine.com\/vi\/wp-json\/wp\/v2\/product"}],"about":[{"href":"https:\/\/www.lightermakingmachine.com\/vi\/wp-json\/wp\/v2\/types\/product"}],"version-history":[{"count":1,"href":"https:\/\/www.lightermakingmachine.com\/vi\/wp-json\/wp\/v2\/product\/791\/revisions"}],"predecessor-version":[{"id":1305,"href":"https:\/\/www.lightermakingmachine.com\/vi\/wp-json\/wp\/v2\/product\/791\/revisions\/1305"}],"wp:featuredmedia":[{"embeddable":true,"href":"https:\/\/www.lightermakingmachine.com\/vi\/wp-json\/wp\/v2\/media\/792"}],"wp:attachment":[{"href":"https:\/\/www.lightermakingmachine.com\/vi\/wp-json\/wp\/v2\/media?parent=791"}],"wp:term":[{"taxonomy":"product_cat","embeddable":true,"href":"https:\/\/www.lightermakingmachine.com\/vi\/wp-json\/wp\/v2\/product_cat?post=791"},{"taxonomy":"product_tag","embeddable":true,"href":"https:\/\/www.lightermakingmachine.com\/vi\/wp-json\/wp\/v2\/product_tag?post=791"}],"curies":[{"name":"wp","href":"https:\/\/api.w.org\/{rel}","templated":true}]}}